{"id":715,"date":"2018-09-11T09:58:56","date_gmt":"2018-09-11T09:58:56","guid":{"rendered":"http:\/\/konte.uix.store\/elementor\/?page_id=715"},"modified":"2018-09-11T09:58:56","modified_gmt":"2018-09-11T09:58:56","slug":"mreza-izdelkov","status":"publish","type":"page","link":"https:\/\/www.littlelovely.art\/sl\/elementi\/mreza-izdelkov\/","title":{"rendered":"Mre\u017ea izdelkov"},"content":{"rendered":"<div data-elementor-type=\"wp-page\" data-elementor-id=\"715\" class=\"elementor elementor-715\" data-elementor-post-type=\"page\">\n\t\t\t\t\t\t<section class=\"elementor-section elementor-top-section elementor-element elementor-element-712a2c0 elementor-section-boxed elementor-section-height-default elementor-section-height-default\" data-id=\"712a2c0\" data-element_type=\"section\" data-e-type=\"section\">\n\t\t\t\t\t\t<div class=\"elementor-container elementor-column-gap-no\">\n\t\t\t\t\t<div class=\"elementor-column elementor-col-100 elementor-top-column elementor-element elementor-element-f18c27d\" data-id=\"f18c27d\" data-element_type=\"column\" data-e-type=\"column\">\n\t\t\t<div class=\"elementor-widget-wrap elementor-element-populated\">\n\t\t\t\t\t\t<div class=\"elementor-element elementor-element-dfa1cab elementor-widget elementor-widget-konte-products-grid\" data-id=\"dfa1cab\" data-element_type=\"widget\" data-e-type=\"widget\" data-widget_type=\"konte-products-grid.default\">\n\t\t\t\t<div class=\"elementor-widget-container\">\n\t\t\t\t\t\t\t<div class=\"konte-product-grid konte-products konte-product-grid--elementor\">\n\t\t\t<div class=\"woocommerce columns-4\"><ul class=\"products hover-slider columns-4\"><li class=\"product type-product post-3721 status-publish first instock product_cat-birth-posters has-post-thumbnail sale sold-individually shipping-taxable purchasable product-type-variable has-default-attributes\">\n\t<div class=\"product-inner\"><span class=\"woocommerce-badges woocommerce-badges--round\">\n\t<span class=\"onsale woocommerce-badge\"><span>30%<\/span><\/span>\n\t<\/span><div class=\"product-thumbnail\"><a href=\"https:\/\/www.littlelovely.art\/sl\/izdelek\/oblikovanje-plakatov-za-rojstvo-otroka-2\/\" class=\"woocommerce-LoopProduct-link woocommerce-loop-product__link\"><img fetchpriority=\"high\" decoding=\"async\" width=\"680\" height=\"920\" src=\"https:\/\/www.littlelovely.art\/wp-content\/uploads\/birth-poster-design2-c1-beige-680x920.webp\" class=\"attachment-woocommerce_thumbnail size-woocommerce_thumbnail\" alt=\"Dizajn rojstnega plakata #2\" \/><\/a><\/div><div class=\"product-summary\"><h2 class=\"woocommerce-loop-product__title\"><a href=\"https:\/\/www.littlelovely.art\/sl\/izdelek\/oblikovanje-plakatov-za-rojstvo-otroka-2\/\" class=\"woocommerce-LoopProduct-link woocommerce-loop-product__link\">Dizajn rojstnega plakata #2<\/a><\/h2><div class=\"star-rating\" role=\"img\" aria-label=\"Ocenjeno 5.00 od 5\" data-no-translation-aria-label=\"\"><span class=\"max-rating rating-stars\">\n\t\t\t\t\t<span class=\"svg-icon star-icon\"><svg><use xlink:href=\"#star\"><\/use><\/svg><\/span>\n\t\t\t\t\t<span class=\"svg-icon star-icon\"><svg><use xlink:href=\"#star\"><\/use><\/svg><\/span>\n\t\t\t\t\t<span class=\"svg-icon star-icon\"><svg><use xlink:href=\"#star\"><\/use><\/svg><\/span>\n\t\t\t\t\t<span class=\"svg-icon star-icon\"><svg><use xlink:href=\"#star\"><\/use><\/svg><\/span>\n\t\t\t\t\t<span class=\"svg-icon star-icon\"><svg><use xlink:href=\"#star\"><\/use><\/svg><\/span>\n\t\t\t\t<\/span><span class=\"user-rating rating-stars\" style=\"width:100%\">\n\t\t\t\t\t<span class=\"svg-icon star-icon\"><svg><use xlink:href=\"#star\"><\/use><\/svg><\/span>\n\t\t\t\t\t<span class=\"svg-icon star-icon\"><svg><use xlink:href=\"#star\"><\/use><\/svg><\/span>\n\t\t\t\t\t<span class=\"svg-icon star-icon\"><svg><use xlink:href=\"#star\"><\/use><\/svg><\/span>\n\t\t\t\t\t<span class=\"svg-icon star-icon\"><svg><use xlink:href=\"#star\"><\/use><\/svg><\/span>\n\t\t\t\t\t<span class=\"svg-icon star-icon\"><svg><use xlink:href=\"#star\"><\/use><\/svg><\/span>\n\t\t\t\t<\/span><span class=\"screen-reader-text\">Ocenjeno <strong class=\"rating\">5.00<\/strong> od 5<\/span><\/div>\n\t<span class=\"price\"><span class=\"woocs_price_code\" data-currency=\"\" data-redraw-id=\"69f45d2ae54a3\"  data-product-id=\"3721\"><ins><span class=\"woocommerce-Price-amount amount\"><bdi><span class=\"woocommerce-Price-currencySymbol\">\u20ac<\/span>\u00a034.30<\/bdi><\/span><\/ins> <del><span class=\"woocommerce-Price-amount amount\"><bdi><span class=\"woocommerce-Price-currencySymbol\">\u20ac<\/span>\u00a049.00<\/bdi><\/span><\/del><\/span><\/span>\n<div class=\"buttons clearfix\"><a href=\"https:\/\/www.littlelovely.art\/sl\/izdelek\/oblikovanje-plakatov-za-rojstvo-otroka-2\/\" aria-describedby=\"woocommerce_loop_add_to_cart_link_describedby_3721\" data-quantity=\"1\" class=\"button product_type_variable add_to_cart_button woocommerce-loop-product__button\" data-product_id=\"3721\" data-product_sku=\"\" aria-label=\"Izberite mo\u017enosti za \u201cBirth poster design #2\u201d\" rel=\"nofollow\" data-no-translation-aria-label=\"\">Izberite mo\u017enosti<\/a>\t<span id=\"woocommerce_loop_add_to_cart_link_describedby_3721\" class=\"screen-reader-text\">\n\t\tTa izdelek ima ve\u010d razli\u010dic. Mo\u017enosti lahko izberete na strani izdelka\t<\/span>\n<a href=\"?add-to-wishlist=3721\" class=\"wcboost-wishlist-button wcboost-wishlist-button--theme button wp-element-button wcboost-wishlist-button--ajax\" data-quantity=\"1\" data-product_id=\"3721\" aria-label=\"Dodaj \u00bbOblikovanje rojstnega plakata #2\u00ab na seznam \u017eelja\" rel=\"nofollow\"><span class=\"wcboost-wishlist-button__icon\"><span class=\"svg-icon icon-heart-o size-normal\"><svg role=\"img\"> <use href=\"#heart-o\" xlink:href=\"#heart-o\"><\/use> <\/svg><\/span><\/span><span class=\"wcboost-wishlist-button__text\">Dodaj na seznam \u017eelja<\/span><\/a><\/div><\/div><\/div><\/li>\n<li class=\"product type-product post-3444 status-publish instock product_cat-birth-posters has-post-thumbnail sale sold-individually shipping-taxable purchasable product-type-variable has-default-attributes\">\n\t<div class=\"product-inner\"><span class=\"woocommerce-badges woocommerce-badges--round\">\n\t<span class=\"onsale woocommerce-badge\"><span>30%<\/span><\/span>\n\t<\/span><div class=\"product-thumbnail\"><a href=\"https:\/\/www.littlelovely.art\/sl\/izdelek\/dizajn-rojstnega-plakata-1\/\" class=\"woocommerce-LoopProduct-link woocommerce-loop-product__link\"><img decoding=\"async\" width=\"680\" height=\"920\" src=\"https:\/\/www.littlelovely.art\/wp-content\/uploads\/birth-poster-design1-c1-beige-680x920.webp\" class=\"attachment-woocommerce_thumbnail size-woocommerce_thumbnail\" alt=\"Dizajn rojstnega plakata #1\" \/><\/a><\/div><div class=\"product-summary\"><h2 class=\"woocommerce-loop-product__title\"><a href=\"https:\/\/www.littlelovely.art\/sl\/izdelek\/dizajn-rojstnega-plakata-1\/\" class=\"woocommerce-LoopProduct-link woocommerce-loop-product__link\">Dizajn rojstnega plakata #1<\/a><\/h2><div class=\"star-rating\" role=\"img\" aria-label=\"Ocenjeno 5.00 od 5\" data-no-translation-aria-label=\"\"><span class=\"max-rating rating-stars\">\n\t\t\t\t\t<span class=\"svg-icon star-icon\"><svg><use xlink:href=\"#star\"><\/use><\/svg><\/span>\n\t\t\t\t\t<span class=\"svg-icon star-icon\"><svg><use xlink:href=\"#star\"><\/use><\/svg><\/span>\n\t\t\t\t\t<span class=\"svg-icon star-icon\"><svg><use xlink:href=\"#star\"><\/use><\/svg><\/span>\n\t\t\t\t\t<span class=\"svg-icon star-icon\"><svg><use xlink:href=\"#star\"><\/use><\/svg><\/span>\n\t\t\t\t\t<span class=\"svg-icon star-icon\"><svg><use xlink:href=\"#star\"><\/use><\/svg><\/span>\n\t\t\t\t<\/span><span class=\"user-rating rating-stars\" style=\"width:100%\">\n\t\t\t\t\t<span class=\"svg-icon star-icon\"><svg><use xlink:href=\"#star\"><\/use><\/svg><\/span>\n\t\t\t\t\t<span class=\"svg-icon star-icon\"><svg><use xlink:href=\"#star\"><\/use><\/svg><\/span>\n\t\t\t\t\t<span class=\"svg-icon star-icon\"><svg><use xlink:href=\"#star\"><\/use><\/svg><\/span>\n\t\t\t\t\t<span class=\"svg-icon star-icon\"><svg><use xlink:href=\"#star\"><\/use><\/svg><\/span>\n\t\t\t\t\t<span class=\"svg-icon star-icon\"><svg><use xlink:href=\"#star\"><\/use><\/svg><\/span>\n\t\t\t\t<\/span><span class=\"screen-reader-text\">Ocenjeno <strong class=\"rating\">5.00<\/strong> od 5<\/span><\/div>\n\t<span class=\"price\"><span class=\"woocs_price_code\" data-currency=\"\" data-redraw-id=\"69f45d2b0c4c4\"  data-product-id=\"3444\"><ins><span class=\"woocommerce-Price-amount amount\"><bdi><span class=\"woocommerce-Price-currencySymbol\">\u20ac<\/span>\u00a034.30<\/bdi><\/span><\/ins> <del><span class=\"woocommerce-Price-amount amount\"><bdi><span class=\"woocommerce-Price-currencySymbol\">\u20ac<\/span>\u00a049.00<\/bdi><\/span><\/del><\/span><\/span>\n<div class=\"buttons clearfix\"><a href=\"https:\/\/www.littlelovely.art\/sl\/izdelek\/dizajn-rojstnega-plakata-1\/\" aria-describedby=\"woocommerce_loop_add_to_cart_link_describedby_3444\" data-quantity=\"1\" class=\"button product_type_variable add_to_cart_button woocommerce-loop-product__button\" data-product_id=\"3444\" data-product_sku=\"\" aria-label=\"Izberite mo\u017enosti za \u201cBirth poster design #1\u201d\" rel=\"nofollow\" data-no-translation-aria-label=\"\">Izberite mo\u017enosti<\/a>\t<span id=\"woocommerce_loop_add_to_cart_link_describedby_3444\" class=\"screen-reader-text\">\n\t\tTa izdelek ima ve\u010d razli\u010dic. Mo\u017enosti lahko izberete na strani izdelka\t<\/span>\n<a href=\"?add-to-wishlist=3444\" class=\"wcboost-wishlist-button wcboost-wishlist-button--theme button wp-element-button wcboost-wishlist-button--ajax\" data-quantity=\"1\" data-product_id=\"3444\" aria-label=\"Dodaj \u00bbOblikovanje plakata za rojstvo #1\u00ab na seznam \u017eelja\" rel=\"nofollow\"><span class=\"wcboost-wishlist-button__icon\"><span class=\"svg-icon icon-heart-o size-normal\"><svg role=\"img\"> <use href=\"#heart-o\" xlink:href=\"#heart-o\"><\/use> <\/svg><\/span><\/span><span class=\"wcboost-wishlist-button__text\">Dodaj na seznam \u017eelja<\/span><\/a><\/div><\/div><\/div><\/li>\n<\/ul><\/div>\t\t<\/div>\n\t\t\t\t\t\t<\/div>\n\t\t\t\t<\/div>\n\t\t\t\t\t<\/div>\n\t\t<\/div>\n\t\t\t\t\t<\/div>\n\t\t<\/section>\n\t\t\t\t<section class=\"elementor-section elementor-top-section elementor-element elementor-element-15c76be elementor-section-boxed elementor-section-height-default elementor-section-height-default\" data-id=\"15c76be\" data-element_type=\"section\" data-e-type=\"section\">\n\t\t\t\t\t\t<div class=\"elementor-container elementor-column-gap-no\">\n\t\t\t\t\t<div class=\"elementor-column elementor-col-100 elementor-top-column elementor-element elementor-element-ddbb8b9\" data-id=\"ddbb8b9\" data-element_type=\"column\" data-e-type=\"column\">\n\t\t\t<div class=\"elementor-widget-wrap elementor-element-populated\">\n\t\t\t\t\t\t<div class=\"elementor-element elementor-element-904f42b elementor-widget elementor-widget-konte-products-grid\" data-id=\"904f42b\" data-element_type=\"widget\" data-e-type=\"widget\" data-widget_type=\"konte-products-grid.default\">\n\t\t\t\t<div class=\"elementor-widget-container\">\n\t\t\t\t\t\t\t<div class=\"konte-product-grid konte-products konte-product-grid--elementor has-heading konte-product-grid--has-heading\">\n\t\t\t<div class=\"woocommerce columns-4\"><\/div>\t\t<\/div>\n\t\t\t\t\t\t<\/div>\n\t\t\t\t<\/div>\n\t\t\t\t\t<\/div>\n\t\t<\/div>\n\t\t\t\t\t<\/div>\n\t\t<\/section>\n\t\t\t\t<\/div>","protected":false},"excerpt":{"rendered":"<p>VIA Backpack $155 Add to cart Add to wishlist Adding to wishlist Added to wishlist Stripe crew knit $420 Add to cart Add to wishlist Adding to wishlist Added to&hellip;<\/p>","protected":false},"author":1,"featured_media":0,"parent":576,"menu_order":0,"comment_status":"closed","ping_status":"closed","template":"","meta":{"footnotes":""},"class_list":["post-715","page","type-page","status-publish","hentry"],"_links":{"self":[{"href":"https:\/\/www.littlelovely.art\/sl\/wp-json\/wp\/v2\/pages\/715","targetHints":{"allow":["GET"]}}],"collection":[{"href":"https:\/\/www.littlelovely.art\/sl\/wp-json\/wp\/v2\/pages"}],"about":[{"href":"https:\/\/www.littlelovely.art\/sl\/wp-json\/wp\/v2\/types\/page"}],"author":[{"embeddable":true,"href":"https:\/\/www.littlelovely.art\/sl\/wp-json\/wp\/v2\/users\/1"}],"replies":[{"embeddable":true,"href":"https:\/\/www.littlelovely.art\/sl\/wp-json\/wp\/v2\/comments?post=715"}],"version-history":[{"count":0,"href":"https:\/\/www.littlelovely.art\/sl\/wp-json\/wp\/v2\/pages\/715\/revisions"}],"up":[{"embeddable":true,"href":"https:\/\/www.littlelovely.art\/sl\/wp-json\/wp\/v2\/pages\/576"}],"wp:attachment":[{"href":"https:\/\/www.littlelovely.art\/sl\/wp-json\/wp\/v2\/media?parent=715"}],"curies":[{"name":"wp","href":"https:\/\/api.w.org\/{rel}","templated":true}]}}