{"id":697,"date":"2018-09-11T09:44:43","date_gmt":"2018-09-11T09:44:43","guid":{"rendered":"http:\/\/konte.uix.store\/elementor\/?page_id=697"},"modified":"2018-09-11T09:44:43","modified_gmt":"2018-09-11T09:44:43","slug":"blog-objava","status":"publish","type":"page","link":"https:\/\/www.littlelovely.art\/sl\/elementi\/blog-objava\/","title":{"rendered":"Objava v spletnem dnevniku"},"content":{"rendered":"<div data-elementor-type=\"wp-page\" data-elementor-id=\"697\" class=\"elementor elementor-697\" data-elementor-post-type=\"page\">\n\t\t\t\t\t\t<section class=\"elementor-section elementor-top-section elementor-element elementor-element-e32cc14 elementor-section-boxed elementor-section-height-default elementor-section-height-default\" data-id=\"e32cc14\" data-element_type=\"section\" data-e-type=\"section\">\n\t\t\t\t\t\t<div class=\"elementor-container elementor-column-gap-no\">\n\t\t\t\t\t<div class=\"elementor-column elementor-col-100 elementor-top-column elementor-element elementor-element-1287e8d\" data-id=\"1287e8d\" data-element_type=\"column\" data-e-type=\"column\">\n\t\t\t<div class=\"elementor-widget-wrap elementor-element-populated\">\n\t\t\t\t\t\t<div class=\"elementor-element elementor-element-c26d4c6 elementor-widget elementor-widget-konte-posts-carousel\" data-id=\"c26d4c6\" data-element_type=\"widget\" data-e-type=\"widget\" data-settings=\"{&quot;slides_to_scroll&quot;:3,&quot;slides_to_show&quot;:3,&quot;navigation&quot;:&quot;dots&quot;,&quot;infinite&quot;:&quot;yes&quot;,&quot;autoplay&quot;:&quot;yes&quot;,&quot;autoplay_speed&quot;:3000,&quot;pause_on_hover&quot;:&quot;yes&quot;,&quot;speed&quot;:800}\" data-widget_type=\"konte-posts-carousel.default\">\n\t\t\t\t<div class=\"elementor-widget-container\">\n\t\t\t\t\t\t\t<div class=\"konte-post-carousel konte-post-grid konte-post-carousel--elementor konte-carousel--elementor konte-carousel--swiper konte-carousel--nav-dots swiper-container\">\n\t\t\t<div class=\"konte-post-carousel__list swiper-wrapper\">\n\t\t\t\t\t\t\t\t\t<div class=\"post swiper-slide post-1 type-post status-publish format-standard hentry category-uncategorized\">\n\t\t\t\t\t\t\t\t\t\t\t\t<div class=\"konte-post-carousel__summary konte-post-grid__summary\">\n\t\t\t\t\t\t\t<h5 class=\"post-title\"><a href=\"https:\/\/www.littlelovely.art\/sl\/zdravo-svet\/\" rel=\"bookmark\">Pozdravljen, svet!<\/a><\/h5>\n\t\t\t\t\t\t\t<div class=\"post-summary\">Dobrodo\u0161li v WordPressu. To je tvoja prva objava. Uredite ali izbri\u0161ite, nato pa za\u010dnite pisati!<\/div>\n\t\t\t\t\t\t\t<a class=\"button alt\" href=\"https:\/\/www.littlelovely.art\/sl\/zdravo-svet\/\">nadaljujte z branjem<\/a>\n\t\t\t\t\t\t<\/div>\n\t\t\t\t\t<\/div>\n\t\t\t\t\t\t\t\t\t<div class=\"post swiper-slide post-74 type-post status-publish format-standard has-post-thumbnail hentry category-fashion tag-fashion tag-featured tag-shopping tag-summer\">\n\t\t\t\t\t\t\t\t\t\t\t\t\t<a href=\"https:\/\/www.littlelovely.art\/sl\/pojdite-v-zakulisje-spomladi-na-londonskem-tednu-mode\/\" class=\"konte-post-carousel__post-thumbnail post-thumbnail\">\n\t\t\t\t\t\t\t\t<img fetchpriority=\"high\" decoding=\"async\" width=\"450\" height=\"300\" src=\"https:\/\/www.littlelovely.art\/wp-content\/uploads\/placeholder-450x300.jpg\" class=\"attachment-konte-post-thumbnail-shortcode size-konte-post-thumbnail-shortcode wp-post-image\" alt=\"\" srcset=\"https:\/\/www.littlelovely.art\/wp-content\/uploads\/placeholder-450x300.jpg 450w, https:\/\/www.littlelovely.art\/wp-content\/uploads\/placeholder-100x68.jpg 100w\" sizes=\"(max-width: 450px) 100vw, 450px\" \/>\t\t\t\t\t\t\t<\/a>\n\t\t\t\t\t\t\t\t\t\t\t\t<div class=\"konte-post-carousel__summary konte-post-grid__summary\">\n\t\t\t\t\t\t\t<h5 class=\"post-title\"><a href=\"https:\/\/www.littlelovely.art\/sl\/pojdite-v-zakulisje-spomladi-na-londonskem-tednu-mode\/\" rel=\"bookmark\">Pojdite v zakulisje spomladanskega tedna mode v Londonu<\/a><\/h5>\n\t\t\t\t\t\t\t<div class=\"post-summary\">Suspendisse potenti. Quisque risus sem, volutpat a sapien et, mattis condimentum est. Suspendisse feugiat cursus turpis, et porta lectus euismod accumsan. Nam felis ipsum, eleifend sit amet sodales pellentesque, commodo\u2026<\/div>\n\t\t\t\t\t\t\t<a class=\"button alt\" href=\"https:\/\/www.littlelovely.art\/sl\/pojdite-v-zakulisje-spomladi-na-londonskem-tednu-mode\/\">nadaljujte z branjem<\/a>\n\t\t\t\t\t\t<\/div>\n\t\t\t\t\t<\/div>\n\t\t\t\t\t\t\t\t\t<div class=\"post swiper-slide post-71 type-post status-publish format-standard has-post-thumbnail hentry category-lifestyle tag-outfit tag-shopping tag-streetstyle\">\n\t\t\t\t\t\t\t\t\t\t\t\t\t<a href=\"https:\/\/www.littlelovely.art\/sl\/kultni-trenutki-ocal-iz-90-let\/\" class=\"konte-post-carousel__post-thumbnail post-thumbnail\">\n\t\t\t\t\t\t\t\t<img fetchpriority=\"high\" decoding=\"async\" width=\"450\" height=\"300\" src=\"https:\/\/www.littlelovely.art\/wp-content\/uploads\/placeholder-450x300.jpg\" class=\"attachment-konte-post-thumbnail-shortcode size-konte-post-thumbnail-shortcode wp-post-image\" alt=\"\" srcset=\"https:\/\/www.littlelovely.art\/wp-content\/uploads\/placeholder-450x300.jpg 450w, https:\/\/www.littlelovely.art\/wp-content\/uploads\/placeholder-100x68.jpg 100w\" sizes=\"(max-width: 450px) 100vw, 450px\" \/>\t\t\t\t\t\t\t<\/a>\n\t\t\t\t\t\t\t\t\t\t\t\t<div class=\"konte-post-carousel__summary konte-post-grid__summary\">\n\t\t\t\t\t\t\t<h5 class=\"post-title\"><a href=\"https:\/\/www.littlelovely.art\/sl\/kultni-trenutki-ocal-iz-90-let\/\" rel=\"bookmark\">Ikoni\u010dni trenutki o\u010dal iz 90. let<\/a><\/h5>\n\t\t\t\t\t\t\t<div class=\"post-summary\">Suspendisse potenti. Quisque risus sem, volutpat a sapien et, mattis condimentum est. Suspendisse feugiat cursus turpis, et porta lectus euismod accumsan. Nam felis ipsum, eleifend sit amet sodales pellentesque, commodo\u2026<\/div>\n\t\t\t\t\t\t\t<a class=\"button alt\" href=\"https:\/\/www.littlelovely.art\/sl\/kultni-trenutki-ocal-iz-90-let\/\">nadaljujte z branjem<\/a>\n\t\t\t\t\t\t<\/div>\n\t\t\t\t\t<\/div>\n\t\t\t\t\t\t\t\t\t<div class=\"post swiper-slide post-68 type-post status-publish format-standard has-post-thumbnail hentry category-culture tag-outfit tag-streetstyle tag-summer\">\n\t\t\t\t\t\t\t\t\t\t\t\t\t<a href=\"https:\/\/www.littlelovely.art\/sl\/trend-cevljev-v-tej-sezoni-morate-preizkusiti\/\" class=\"konte-post-carousel__post-thumbnail post-thumbnail\">\n\t\t\t\t\t\t\t\t<img fetchpriority=\"high\" decoding=\"async\" width=\"450\" height=\"300\" src=\"https:\/\/www.littlelovely.art\/wp-content\/uploads\/placeholder-450x300.jpg\" class=\"attachment-konte-post-thumbnail-shortcode size-konte-post-thumbnail-shortcode wp-post-image\" alt=\"\" srcset=\"https:\/\/www.littlelovely.art\/wp-content\/uploads\/placeholder-450x300.jpg 450w, https:\/\/www.littlelovely.art\/wp-content\/uploads\/placeholder-100x68.jpg 100w\" sizes=\"(max-width: 450px) 100vw, 450px\" \/>\t\t\t\t\t\t\t<\/a>\n\t\t\t\t\t\t\t\t\t\t\t\t<div class=\"konte-post-carousel__summary konte-post-grid__summary\">\n\t\t\t\t\t\t\t<h5 class=\"post-title\"><a href=\"https:\/\/www.littlelovely.art\/sl\/trend-cevljev-v-tej-sezoni-morate-preizkusiti\/\" rel=\"bookmark\">Trend \u010devljev &#039;It&#039; te sezone, ki ga morate preizkusiti<\/a><\/h5>\n\t\t\t\t\t\t\t<div class=\"post-summary\">Suspendisse potenti. Quisque risus sem, volutpat a sapien et, mattis condimentum est. Suspendisse feugiat cursus turpis, et porta lectus euismod accumsan. Nam felis ipsum, eleifend sit amet sodales pellentesque, commodo\u2026<\/div>\n\t\t\t\t\t\t\t<a class=\"button alt\" href=\"https:\/\/www.littlelovely.art\/sl\/trend-cevljev-v-tej-sezoni-morate-preizkusiti\/\">nadaljujte z branjem<\/a>\n\t\t\t\t\t\t<\/div>\n\t\t\t\t\t<\/div>\n\t\t\t\t\t\t\t\t\t<div class=\"post swiper-slide post-65 type-post status-publish format-standard has-post-thumbnail hentry category-fashion tag-fashion tag-featured tag-shopping\">\n\t\t\t\t\t\t\t\t\t\t\t\t\t<a href=\"https:\/\/www.littlelovely.art\/sl\/8-genialnih-lahkih-podlag-za-brezhibno-kozo\/\" class=\"konte-post-carousel__post-thumbnail post-thumbnail\">\n\t\t\t\t\t\t\t\t<img fetchpriority=\"high\" decoding=\"async\" width=\"450\" height=\"300\" src=\"https:\/\/www.littlelovely.art\/wp-content\/uploads\/placeholder-450x300.jpg\" class=\"attachment-konte-post-thumbnail-shortcode size-konte-post-thumbnail-shortcode wp-post-image\" alt=\"\" srcset=\"https:\/\/www.littlelovely.art\/wp-content\/uploads\/placeholder-450x300.jpg 450w, https:\/\/www.littlelovely.art\/wp-content\/uploads\/placeholder-100x68.jpg 100w\" sizes=\"(max-width: 450px) 100vw, 450px\" \/>\t\t\t\t\t\t\t<\/a>\n\t\t\t\t\t\t\t\t\t\t\t\t<div class=\"konte-post-carousel__summary konte-post-grid__summary\">\n\t\t\t\t\t\t\t<h5 class=\"post-title\"><a href=\"https:\/\/www.littlelovely.art\/sl\/8-genialnih-lahkih-podlag-za-brezhibno-kozo\/\" rel=\"bookmark\">8 genialnih lahkih podlag za brezhibno ko\u017eo<\/a><\/h5>\n\t\t\t\t\t\t\t<div class=\"post-summary\">Suspendisse potenti. Quisque risus sem, volutpat a sapien et, mattis condimentum est. Suspendisse feugiat cursus turpis, et porta lectus euismod accumsan. Nam felis ipsum, eleifend sit amet sodales pellentesque, commodo\u2026<\/div>\n\t\t\t\t\t\t\t<a class=\"button alt\" href=\"https:\/\/www.littlelovely.art\/sl\/8-genialnih-lahkih-podlag-za-brezhibno-kozo\/\">nadaljujte z branjem<\/a>\n\t\t\t\t\t\t<\/div>\n\t\t\t\t\t<\/div>\n\t\t\t\t\t\t\t\t\t<div class=\"post swiper-slide post-62 type-post status-publish format-standard has-post-thumbnail hentry category-photography tag-shopping tag-streetstyle\">\n\t\t\t\t\t\t\t\t\t\t\t\t\t<a href=\"https:\/\/www.littlelovely.art\/sl\/mesana-sporocila-pariskih-moskih-oblacil\/\" class=\"konte-post-carousel__post-thumbnail post-thumbnail\">\n\t\t\t\t\t\t\t\t<img fetchpriority=\"high\" decoding=\"async\" width=\"450\" height=\"300\" src=\"https:\/\/www.littlelovely.art\/wp-content\/uploads\/placeholder-450x300.jpg\" class=\"attachment-konte-post-thumbnail-shortcode size-konte-post-thumbnail-shortcode wp-post-image\" alt=\"\" srcset=\"https:\/\/www.littlelovely.art\/wp-content\/uploads\/placeholder-450x300.jpg 450w, https:\/\/www.littlelovely.art\/wp-content\/uploads\/placeholder-100x68.jpg 100w\" sizes=\"(max-width: 450px) 100vw, 450px\" \/>\t\t\t\t\t\t\t<\/a>\n\t\t\t\t\t\t\t\t\t\t\t\t<div class=\"konte-post-carousel__summary konte-post-grid__summary\">\n\t\t\t\t\t\t\t<h5 class=\"post-title\"><a href=\"https:\/\/www.littlelovely.art\/sl\/mesana-sporocila-pariskih-moskih-oblacil\/\" rel=\"bookmark\">Me\u0161ana sporo\u010dila pari\u0161kih mo\u0161kih obla\u010dil<\/a><\/h5>\n\t\t\t\t\t\t\t<div class=\"post-summary\">Suspendisse potenti. Quisque risus sem, volutpat a sapien et, mattis condimentum est. Suspendisse feugiat cursus turpis, et porta lectus euismod accumsan. Nam felis ipsum, eleifend sit amet sodales pellentesque, commodo\u2026<\/div>\n\t\t\t\t\t\t\t<a class=\"button alt\" href=\"https:\/\/www.littlelovely.art\/sl\/mesana-sporocila-pariskih-moskih-oblacil\/\">nadaljujte z branjem<\/a>\n\t\t\t\t\t\t<\/div>\n\t\t\t\t\t<\/div>\n\t\t\t\t\t\t\t\t\t<div class=\"post swiper-slide post-60 type-post status-publish format-standard has-post-thumbnail hentry category-shopping tag-life tag-outfit tag-shopping\">\n\t\t\t\t\t\t\t\t\t\t\t\t\t<a href=\"https:\/\/www.littlelovely.art\/sl\/cevlji-ki-bodo-takoj-posodobili-vsako-obleko-2\/\" class=\"konte-post-carousel__post-thumbnail post-thumbnail\">\n\t\t\t\t\t\t\t\t<img fetchpriority=\"high\" decoding=\"async\" width=\"450\" height=\"300\" src=\"https:\/\/www.littlelovely.art\/wp-content\/uploads\/placeholder-450x300.jpg\" class=\"attachment-konte-post-thumbnail-shortcode size-konte-post-thumbnail-shortcode wp-post-image\" alt=\"\" srcset=\"https:\/\/www.littlelovely.art\/wp-content\/uploads\/placeholder-450x300.jpg 450w, https:\/\/www.littlelovely.art\/wp-content\/uploads\/placeholder-100x68.jpg 100w\" sizes=\"(max-width: 450px) 100vw, 450px\" \/>\t\t\t\t\t\t\t<\/a>\n\t\t\t\t\t\t\t\t\t\t\t\t<div class=\"konte-post-carousel__summary konte-post-grid__summary\">\n\t\t\t\t\t\t\t<h5 class=\"post-title\"><a href=\"https:\/\/www.littlelovely.art\/sl\/cevlji-ki-bodo-takoj-posodobili-vsako-obleko-2\/\" rel=\"bookmark\">\u010cevlji, ki bodo v trenutku posodobili vsako obleko<\/a><\/h5>\n\t\t\t\t\t\t\t<div class=\"post-summary\">Suspendisse potenti. Quisque risus sem, volutpat a sapien et, mattis condimentum est. Suspendisse feugiat cursus turpis, et porta lectus euismod accumsan. Nam felis ipsum, eleifend sit amet sodales pellentesque, commodo\u2026<\/div>\n\t\t\t\t\t\t\t<a class=\"button alt\" href=\"https:\/\/www.littlelovely.art\/sl\/cevlji-ki-bodo-takoj-posodobili-vsako-obleko-2\/\">nadaljujte z branjem<\/a>\n\t\t\t\t\t\t<\/div>\n\t\t\t\t\t<\/div>\n\t\t\t\t\t\t\t\t\t<div class=\"post swiper-slide post-57 type-post status-publish format-standard has-post-thumbnail hentry category-photography tag-outfit tag-shopping tag-streetstyle\">\n\t\t\t\t\t\t\t\t\t\t\t\t\t<a href=\"https:\/\/www.littlelovely.art\/sl\/dodatki-maestro-pierre-hardy-prejme-cast\/\" class=\"konte-post-carousel__post-thumbnail post-thumbnail\">\n\t\t\t\t\t\t\t\t<img fetchpriority=\"high\" decoding=\"async\" width=\"450\" height=\"300\" src=\"https:\/\/www.littlelovely.art\/wp-content\/uploads\/placeholder-450x300.jpg\" class=\"attachment-konte-post-thumbnail-shortcode size-konte-post-thumbnail-shortcode wp-post-image\" alt=\"\" srcset=\"https:\/\/www.littlelovely.art\/wp-content\/uploads\/placeholder-450x300.jpg 450w, https:\/\/www.littlelovely.art\/wp-content\/uploads\/placeholder-100x68.jpg 100w\" sizes=\"(max-width: 450px) 100vw, 450px\" \/>\t\t\t\t\t\t\t<\/a>\n\t\t\t\t\t\t\t\t\t\t\t\t<div class=\"konte-post-carousel__summary konte-post-grid__summary\">\n\t\t\t\t\t\t\t<h5 class=\"post-title\"><a href=\"https:\/\/www.littlelovely.art\/sl\/dodatki-maestro-pierre-hardy-prejme-cast\/\" rel=\"bookmark\">Dodatki Maestro Pierre Hardy prejme Honneur<\/a><\/h5>\n\t\t\t\t\t\t\t<div class=\"post-summary\">Suspendisse potenti. Quisque risus sem, volutpat a sapien et, mattis condimentum est. Suspendisse feugiat cursus turpis, et porta lectus euismod accumsan. Nam felis ipsum, eleifend sit amet sodales pellentesque, commodo\u2026<\/div>\n\t\t\t\t\t\t\t<a class=\"button alt\" href=\"https:\/\/www.littlelovely.art\/sl\/dodatki-maestro-pierre-hardy-prejme-cast\/\">nadaljujte z branjem<\/a>\n\t\t\t\t\t\t<\/div>\n\t\t\t\t\t<\/div>\n\t\t\t\t\t\t\t\t\t<div class=\"post swiper-slide post-54 type-post status-publish format-standard has-post-thumbnail hentry category-lifestyle tag-fashion tag-life tag-staffs-pick tag-summer\">\n\t\t\t\t\t\t\t\t\t\t\t\t\t<a href=\"https:\/\/www.littlelovely.art\/sl\/francoska-skrivnost-nege-koze-ki-je-ne-zelite-zamuditi\/\" class=\"konte-post-carousel__post-thumbnail post-thumbnail\">\n\t\t\t\t\t\t\t\t<img fetchpriority=\"high\" decoding=\"async\" width=\"450\" height=\"300\" src=\"https:\/\/www.littlelovely.art\/wp-content\/uploads\/placeholder-450x300.jpg\" class=\"attachment-konte-post-thumbnail-shortcode size-konte-post-thumbnail-shortcode wp-post-image\" alt=\"\" srcset=\"https:\/\/www.littlelovely.art\/wp-content\/uploads\/placeholder-450x300.jpg 450w, https:\/\/www.littlelovely.art\/wp-content\/uploads\/placeholder-100x68.jpg 100w\" sizes=\"(max-width: 450px) 100vw, 450px\" \/>\t\t\t\t\t\t\t<\/a>\n\t\t\t\t\t\t\t\t\t\t\t\t<div class=\"konte-post-carousel__summary konte-post-grid__summary\">\n\t\t\t\t\t\t\t<h5 class=\"post-title\"><a href=\"https:\/\/www.littlelovely.art\/sl\/francoska-skrivnost-nege-koze-ki-je-ne-zelite-zamuditi\/\" rel=\"bookmark\">Francoska skrivnost nege ko\u017ee, ki je ne \u017eelite zamuditi<\/a><\/h5>\n\t\t\t\t\t\t\t<div class=\"post-summary\">Suspendisse potenti. Quisque risus sem, volutpat a sapien et, mattis condimentum est. Suspendisse feugiat cursus turpis, et porta lectus euismod accumsan. Nam felis ipsum, eleifend sit amet sodales pellentesque, commodo\u2026<\/div>\n\t\t\t\t\t\t\t<a class=\"button alt\" href=\"https:\/\/www.littlelovely.art\/sl\/francoska-skrivnost-nege-koze-ki-je-ne-zelite-zamuditi\/\">nadaljujte z branjem<\/a>\n\t\t\t\t\t\t<\/div>\n\t\t\t\t\t<\/div>\n\t\t\t\t\t\t\t<\/div>\n\t\t\t<div class=\"konte-carousel__pagination swiper-pagination\"><\/div>\t\t<\/div>\n\t\t\t\t\t\t<\/div>\n\t\t\t\t<\/div>\n\t\t\t\t\t<\/div>\n\t\t<\/div>\n\t\t\t\t\t<\/div>\n\t\t<\/section>\n\t\t\t\t<\/div>","protected":false},"excerpt":{"rendered":"<p>Go Behind the Scenes at London Fashion Week Spring Suspendisse potenti. Quisque risus sem, volutpat a sapien et, mattis condimentum est. Suspendisse feugiat cursus turpis, et porta lectus euismod accumsan.&hellip;<\/p>","protected":false},"author":1,"featured_media":0,"parent":576,"menu_order":0,"comment_status":"closed","ping_status":"closed","template":"","meta":{"footnotes":""},"class_list":["post-697","page","type-page","status-publish","hentry"],"_links":{"self":[{"href":"https:\/\/www.littlelovely.art\/sl\/wp-json\/wp\/v2\/pages\/697","targetHints":{"allow":["GET"]}}],"collection":[{"href":"https:\/\/www.littlelovely.art\/sl\/wp-json\/wp\/v2\/pages"}],"about":[{"href":"https:\/\/www.littlelovely.art\/sl\/wp-json\/wp\/v2\/types\/page"}],"author":[{"embeddable":true,"href":"https:\/\/www.littlelovely.art\/sl\/wp-json\/wp\/v2\/users\/1"}],"replies":[{"embeddable":true,"href":"https:\/\/www.littlelovely.art\/sl\/wp-json\/wp\/v2\/comments?post=697"}],"version-history":[{"count":0,"href":"https:\/\/www.littlelovely.art\/sl\/wp-json\/wp\/v2\/pages\/697\/revisions"}],"up":[{"embeddable":true,"href":"https:\/\/www.littlelovely.art\/sl\/wp-json\/wp\/v2\/pages\/576"}],"wp:attachment":[{"href":"https:\/\/www.littlelovely.art\/sl\/wp-json\/wp\/v2\/media?parent=697"}],"curies":[{"name":"wp","href":"https:\/\/api.w.org\/{rel}","templated":true}]}}