{"id":569,"date":"2018-09-10T09:19:28","date_gmt":"2018-09-10T09:19:28","guid":{"rendered":"http:\/\/konte.uix.store\/elementor\/?page_id=569"},"modified":"2018-09-10T09:19:28","modified_gmt":"2018-09-10T09:19:28","slug":"noga-v3","status":"publish","type":"page","link":"https:\/\/www.littlelovely.art\/sl\/noga\/noga-v3\/","title":{"rendered":"Noga v3"},"content":{"rendered":"<div data-elementor-type=\"wp-page\" data-elementor-id=\"569\" class=\"elementor elementor-569\" data-elementor-post-type=\"page\">\n\t\t\t\t\t\t<section class=\"elementor-section elementor-top-section elementor-element elementor-element-6e85cbf elementor-section-boxed elementor-section-height-default elementor-section-height-default\" data-id=\"6e85cbf\" data-element_type=\"section\" data-e-type=\"section\">\n\t\t\t\t\t\t<div class=\"elementor-container elementor-column-gap-default\">\n\t\t\t\t\t<div class=\"elementor-column elementor-col-100 elementor-top-column elementor-element elementor-element-4b066e7\" data-id=\"4b066e7\" data-element_type=\"column\" data-e-type=\"column\">\n\t\t\t<div class=\"elementor-widget-wrap elementor-element-populated\">\n\t\t\t\t\t\t<div class=\"elementor-element elementor-element-9f50497 elementor-widget elementor-widget-text-editor\" data-id=\"9f50497\" data-element_type=\"widget\" data-e-type=\"widget\" data-widget_type=\"text-editor.default\">\n\t\t\t\t<div class=\"elementor-widget-container\">\n\t\t\t\t\t\t\t\t\t<p>Footer V3 je vzorec tega, kar lahko zgradite z mo\u017enostmi Konte footer. V tej postavitvi ohranimo glavni razdelek, razdelek z vsebino po meri, pripomo\u010dke za nogo in onemogo\u010dimo vire Instagrama.<\/p><p>Dodatni del noge se uporablja za prikaz obrazca za naro\u010dnino. Obmo\u010dje gradnikov v nogi se uporablja za prikaz povezav po meri do uporabnih strani. V glavnem razdelku noge postavimo informacije o avtorskih pravicah in ikone dru\u017ebenih omre\u017eij v levi stolpec; preklopniki in vsebina po meri (za sliko podprtih na\u010dinov pla\u010dila) v desnem stolpcu.<\/p>\t\t\t\t\t\t\t\t<\/div>\n\t\t\t\t<\/div>\n\t\t\t\t\t<\/div>\n\t\t<\/div>\n\t\t\t\t\t<\/div>\n\t\t<\/section>\n\t\t\t\t<section class=\"elementor-section elementor-top-section elementor-element elementor-element-30e5f30 elementor-section-boxed elementor-section-height-default elementor-section-height-default elementor-invisible\" data-id=\"30e5f30\" data-element_type=\"section\" data-e-type=\"section\" data-settings=\"{&quot;animation&quot;:&quot;fadeIn&quot;,&quot;animation_delay&quot;:300}\">\n\t\t\t\t\t\t<div class=\"elementor-container elementor-column-gap-no\">\n\t\t\t\t\t<div class=\"elementor-column elementor-col-100 elementor-top-column elementor-element elementor-element-275e6bc\" data-id=\"275e6bc\" data-element_type=\"column\" data-e-type=\"column\">\n\t\t\t<div class=\"elementor-widget-wrap elementor-element-populated\">\n\t\t\t\t\t\t<div class=\"elementor-element elementor-element-702d8f4 elementor-widget elementor-widget-text-editor\" data-id=\"702d8f4\" data-element_type=\"widget\" data-e-type=\"widget\" data-widget_type=\"text-editor.default\">\n\t\t\t\t<div class=\"elementor-widget-container\">\n\t\t\t\t\t\t\t\t\t<img decoding=\"async\" src=\"https:\/\/i2.wp.com\/konte.uix.store\/demo-images\/footer-v3.jpg?w=1400\" alt=\"Noga v3\">\t\t\t\t\t\t\t\t<\/div>\n\t\t\t\t<\/div>\n\t\t\t\t\t<\/div>\n\t\t<\/div>\n\t\t\t\t\t<\/div>\n\t\t<\/section>\n\t\t\t\t<section class=\"elementor-section elementor-top-section elementor-element elementor-element-c0bcb1e elementor-section-boxed elementor-section-height-default elementor-section-height-default\" data-id=\"c0bcb1e\" data-element_type=\"section\" data-e-type=\"section\">\n\t\t\t\t\t\t<div class=\"elementor-container elementor-column-gap-default\">\n\t\t\t\t\t<div class=\"elementor-column elementor-col-100 elementor-top-column elementor-element elementor-element-e6dfbfd\" data-id=\"e6dfbfd\" data-element_type=\"column\" data-e-type=\"column\">\n\t\t\t<div class=\"elementor-widget-wrap elementor-element-populated\">\n\t\t\t\t\t\t<div class=\"elementor-element elementor-element-473fdac elementor-widget elementor-widget-text-editor\" data-id=\"473fdac\" data-element_type=\"widget\" data-e-type=\"widget\" data-widget_type=\"text-editor.default\">\n\t\t\t\t<div class=\"elementor-widget-container\">\n\t\t\t\t\t\t\t\t\tIn ne pozabite, da lahko kadar koli spremenite ozadje noge, barvo besedila in \u0161irino vsebnika noge v Prilagajalniku.\t\t\t\t\t\t\t\t<\/div>\n\t\t\t\t<\/div>\n\t\t\t\t\t<\/div>\n\t\t<\/div>\n\t\t\t\t\t<\/div>\n\t\t<\/section>\n\t\t\t\t<\/div>","protected":false},"excerpt":{"rendered":"<p>Footer V3 is a sample of what you can build with Konte footer options. In this layout, we keep the main section, custom content section, footer widgets and disable the&hellip;<\/p>","protected":false},"author":1,"featured_media":0,"parent":559,"menu_order":0,"comment_status":"closed","ping_status":"closed","template":"","meta":{"footnotes":""},"class_list":["post-569","page","type-page","status-publish","hentry"],"_links":{"self":[{"href":"https:\/\/www.littlelovely.art\/sl\/wp-json\/wp\/v2\/pages\/569","targetHints":{"allow":["GET"]}}],"collection":[{"href":"https:\/\/www.littlelovely.art\/sl\/wp-json\/wp\/v2\/pages"}],"about":[{"href":"https:\/\/www.littlelovely.art\/sl\/wp-json\/wp\/v2\/types\/page"}],"author":[{"embeddable":true,"href":"https:\/\/www.littlelovely.art\/sl\/wp-json\/wp\/v2\/users\/1"}],"replies":[{"embeddable":true,"href":"https:\/\/www.littlelovely.art\/sl\/wp-json\/wp\/v2\/comments?post=569"}],"version-history":[{"count":0,"href":"https:\/\/www.littlelovely.art\/sl\/wp-json\/wp\/v2\/pages\/569\/revisions"}],"up":[{"embeddable":true,"href":"https:\/\/www.littlelovely.art\/sl\/wp-json\/wp\/v2\/pages\/559"}],"wp:attachment":[{"href":"https:\/\/www.littlelovely.art\/sl\/wp-json\/wp\/v2\/media?parent=569"}],"curies":[{"name":"wp","href":"https:\/\/api.w.org\/{rel}","templated":true}]}}