{"id":561,"date":"2018-09-10T09:09:27","date_gmt":"2018-09-10T09:09:27","guid":{"rendered":"http:\/\/konte.uix.store\/elementor\/?page_id=561"},"modified":"2018-09-10T09:09:27","modified_gmt":"2018-09-10T09:09:27","slug":"noga-v1","status":"publish","type":"page","link":"https:\/\/www.littlelovely.art\/sl\/noga\/noga-v1\/","title":{"rendered":"Noga v1"},"content":{"rendered":"<div data-elementor-type=\"wp-page\" data-elementor-id=\"561\" class=\"elementor elementor-561\" data-elementor-post-type=\"page\">\n\t\t\t\t\t\t<section class=\"elementor-section elementor-top-section elementor-element elementor-element-cca3f1d elementor-section-boxed elementor-section-height-default elementor-section-height-default\" data-id=\"cca3f1d\" data-element_type=\"section\" data-e-type=\"section\">\n\t\t\t\t\t\t<div class=\"elementor-container elementor-column-gap-default\">\n\t\t\t\t\t<div class=\"elementor-column elementor-col-100 elementor-top-column elementor-element elementor-element-3fabf33\" data-id=\"3fabf33\" data-element_type=\"column\" data-e-type=\"column\">\n\t\t\t<div class=\"elementor-widget-wrap elementor-element-populated\">\n\t\t\t\t\t\t<div class=\"elementor-element elementor-element-3d21d59 elementor-widget elementor-widget-text-editor\" data-id=\"3d21d59\" data-element_type=\"widget\" data-e-type=\"widget\" data-widget_type=\"text-editor.default\">\n\t\t\t\t<div class=\"elementor-widget-container\">\n\t\t\t\t\t\t\t\t\tNoga V1 je vzorec tega, kar lahko zgradite z mo\u017enostmi noge Konte. V tej postavitvi ohranimo samo glavni razdelek, druge pa onemogo\u010dimo (pripomo\u010dki, Instagram vir, vsebina po meri). V glavnem razdelku noge postavimo podatke o avtorskih pravicah v levi stolpec, meni noge pa v desni stolpec.\t\t\t\t\t\t\t\t<\/div>\n\t\t\t\t<\/div>\n\t\t\t\t\t<\/div>\n\t\t<\/div>\n\t\t\t\t\t<\/div>\n\t\t<\/section>\n\t\t\t\t<section class=\"elementor-section elementor-top-section elementor-element elementor-element-386c411 elementor-section-boxed elementor-section-height-default elementor-section-height-default elementor-invisible\" data-id=\"386c411\" data-element_type=\"section\" data-e-type=\"section\" data-settings=\"{&quot;animation&quot;:&quot;fadeIn&quot;,&quot;animation_delay&quot;:300}\">\n\t\t\t\t\t\t<div class=\"elementor-container elementor-column-gap-no\">\n\t\t\t\t\t<div class=\"elementor-column elementor-col-100 elementor-top-column elementor-element elementor-element-25a1727\" data-id=\"25a1727\" data-element_type=\"column\" data-e-type=\"column\">\n\t\t\t<div class=\"elementor-widget-wrap elementor-element-populated\">\n\t\t\t\t\t\t<div class=\"elementor-element elementor-element-284954a elementor-widget elementor-widget-text-editor\" data-id=\"284954a\" data-element_type=\"widget\" data-e-type=\"widget\" data-widget_type=\"text-editor.default\">\n\t\t\t\t<div class=\"elementor-widget-container\">\n\t\t\t\t\t\t\t\t\t<img decoding=\"async\" src=\"https:\/\/i1.wp.com\/konte.uix.store\/demo-images\/footer-v1.jpg?w=1400\" alt=\"Noga v1\">\t\t\t\t\t\t\t\t<\/div>\n\t\t\t\t<\/div>\n\t\t\t\t\t<\/div>\n\t\t<\/div>\n\t\t\t\t\t<\/div>\n\t\t<\/section>\n\t\t\t\t<section class=\"elementor-section elementor-top-section elementor-element elementor-element-94b6c5e elementor-section-boxed elementor-section-height-default elementor-section-height-default\" data-id=\"94b6c5e\" data-element_type=\"section\" data-e-type=\"section\">\n\t\t\t\t\t\t<div class=\"elementor-container elementor-column-gap-default\">\n\t\t\t\t\t<div class=\"elementor-column elementor-col-100 elementor-top-column elementor-element elementor-element-95538eb\" data-id=\"95538eb\" data-element_type=\"column\" data-e-type=\"column\">\n\t\t\t<div class=\"elementor-widget-wrap elementor-element-populated\">\n\t\t\t\t\t\t<div class=\"elementor-element elementor-element-232e944 elementor-widget elementor-widget-text-editor\" data-id=\"232e944\" data-element_type=\"widget\" data-e-type=\"widget\" data-widget_type=\"text-editor.default\">\n\t\t\t\t<div class=\"elementor-widget-container\">\n\t\t\t\t\t\t\t\t\tIn ne pozabite, da lahko kadar koli spremenite ozadje noge, barvo besedila in \u0161irino vsebnika noge v Prilagajalniku.\t\t\t\t\t\t\t\t<\/div>\n\t\t\t\t<\/div>\n\t\t\t\t\t<\/div>\n\t\t<\/div>\n\t\t\t\t\t<\/div>\n\t\t<\/section>\n\t\t\t\t<\/div>","protected":false},"excerpt":{"rendered":"<p>Footer V1 is a sample of what you can build with Konte footer options. In this layout, we only keep the main section and disable others (widgets, Instagram feed, custom&hellip;<\/p>","protected":false},"author":1,"featured_media":0,"parent":559,"menu_order":0,"comment_status":"closed","ping_status":"closed","template":"","meta":{"footnotes":""},"class_list":["post-561","page","type-page","status-publish","hentry"],"_links":{"self":[{"href":"https:\/\/www.littlelovely.art\/sl\/wp-json\/wp\/v2\/pages\/561","targetHints":{"allow":["GET"]}}],"collection":[{"href":"https:\/\/www.littlelovely.art\/sl\/wp-json\/wp\/v2\/pages"}],"about":[{"href":"https:\/\/www.littlelovely.art\/sl\/wp-json\/wp\/v2\/types\/page"}],"author":[{"embeddable":true,"href":"https:\/\/www.littlelovely.art\/sl\/wp-json\/wp\/v2\/users\/1"}],"replies":[{"embeddable":true,"href":"https:\/\/www.littlelovely.art\/sl\/wp-json\/wp\/v2\/comments?post=561"}],"version-history":[{"count":0,"href":"https:\/\/www.littlelovely.art\/sl\/wp-json\/wp\/v2\/pages\/561\/revisions"}],"up":[{"embeddable":true,"href":"https:\/\/www.littlelovely.art\/sl\/wp-json\/wp\/v2\/pages\/559"}],"wp:attachment":[{"href":"https:\/\/www.littlelovely.art\/sl\/wp-json\/wp\/v2\/media?parent=561"}],"curies":[{"name":"wp","href":"https:\/\/api.w.org\/{rel}","templated":true}]}}